{"id":38,"date":"2014-01-05T22:45:55","date_gmt":"2014-01-05T22:45:55","guid":{"rendered":"http:\/\/eskuvoizene.d250.hu\/lakodalom\/?page_id=38"},"modified":"2015-01-02T12:18:19","modified_gmt":"2015-01-02T12:18:19","slug":"hallgasd-meg","status":"publish","type":"page","link":"https:\/\/eskuvoizene.d250.hu\/lakodalom\/hallgasd-meg\/","title":{"rendered":"Hallgasd meg!"},"content":{"rendered":"<p><img loading=\"lazy\" class=\"size-medium wp-image-116 alignnone\" alt=\"varga zoltan\" src=\"http:\/\/eskuvoizene.d250.hu\/lakodalom\/wp-content\/uploads\/2014\/01\/947294_445448758881886_1002594327qetg_n1-300x237.jpg\" width=\"300\" height=\"237\" srcset=\"https:\/\/eskuvoizene.d250.hu\/lakodalom\/wp-content\/uploads\/2014\/01\/947294_445448758881886_1002594327qetg_n1-300x237.jpg 300w, https:\/\/eskuvoizene.d250.hu\/lakodalom\/wp-content\/uploads\/2014\/01\/947294_445448758881886_1002594327qetg_n1.jpg 312w\" sizes=\"(max-width: 300px) 100vw, 300px\" \/><\/p>\n<p>Nem \u00e9n v\u00e1ltoztam \u00a0 \u00a0 \u00a0 \u00a0<a href=\"http:\/\/eskuvoizene.d250.hu\/lakodalom\/wp-content\/hb-audio-gallery\/Zen%C3%A9im\/nem-en-valtoztam1.mp3\" target=\"_blank\">Nem \u00e9n v\u00e1ltoztam<\/a><\/p>\n<p>Szak\u00edtsd sz\u00e9t \u00a0 \u00a0 \u00a0 \u00a0 \u00a0 \u00a0 \u00a0 \u00a0\u00a0<a href=\"http:\/\/eskuvoizene.d250.hu\/lakodalom\/wp-content\/hb-audio-gallery\/Zen%C3%A9im\/szakitsd-szet1.mp3\" target=\"_blank\">Szak\u00edtsd sz\u00e9t<\/a><\/p>\n<p>\u00d6reg Hold \u00a0 \u00a0 \u00a0 \u00a0 \u00a0 \u00a0 \u00a0 \u00a0 \u00a0 \u00a0 \u00a0<a href=\"http:\/\/eskuvoizene.d250.hu\/lakodalom\/wp-content\/hb-audio-gallery\/Zen%C3%A9im\/oreg-hold1.mp3\" target=\"_blank\">\u00d6reg Hold<\/a><\/p>\n<p>Gyere k\u00f6zelebb \u00a0 \u00a0 \u00a0 \u00a0 \u00a0 \u00a0\u00a0<a href=\"http:\/\/eskuvoizene.d250.hu\/lakodalom\/wp-content\/hb-audio-gallery\/Zen%C3%A9im\/gyere-kozelebb1.mp3\" target=\"_blank\">Gyere k\u00f6zelebb<\/a><\/p>\n<p>Hazafel\u00e9 utazom \u00a0 \u00a0 \u00a0 \u00a0 \u00a0\u00a0<a href=\"http:\/\/eskuvoizene.d250.hu\/lakodalom\/wp-content\/hb-audio-gallery\/Zen%C3%A9im\/hazafele-utazom1.mp3\" target=\"_blank\">Hazafel\u00e9 utazom<\/a><\/p>\n<p>A f\u00fcredi Anna-b\u00e1l \u00a0 \u00a0 \u00a0 \u00a0 \u00a0\u00a0<a href=\"http:\/\/eskuvoizene.d250.hu\/lakodalom\/wp-content\/hb-audio-gallery\/Zen%C3%A9im\/a-furedi-annabal1.mp3\" target=\"_blank\">A f\u00fcredi Anna-b\u00e1l<\/a><\/p>\n<p>Az \u00e9n bab\u00e1m fekete n\u0151 <a href=\"http:\/\/eskuvoizene.d250.hu\/lakodalom\/wp-content\/hb-audio-gallery\/Zen%C3%A9im\/az-en-babam-egy-fekete-no1.mp3\" target=\"_blank\">Az \u00e9n bab\u00e1m fekete n\u0151<\/a><\/p>\n","protected":false},"excerpt":{"rendered":"<p>Nem \u00e9n v\u00e1ltoztam \u00a0 \u00a0 \u00a0 \u00a0Nem \u00e9n v\u00e1ltoztam Szak\u00edtsd sz\u00e9t \u00a0 \u00a0 \u00a0 \u00a0 \u00a0 \u00a0 \u00a0 \u00a0\u00a0Szak\u00edtsd sz\u00e9t \u00d6reg Hold \u00a0 \u00a0 \u00a0 \u00a0 \u00a0 \u00a0 \u00a0 \u00a0 \u00a0 \u00a0 \u00a0\u00d6reg Hold Gyere k\u00f6zelebb \u00a0 \u00a0 \u00a0 \u00a0 \u00a0 \u00a0\u00a0Gyere k\u00f6zelebb Hazafel\u00e9 utazom \u00a0 \u00a0 \u00a0 \u00a0 \u00a0\u00a0Hazafel\u00e9 utazom A f\u00fcredi Anna-b\u00e1l \u00a0 &hellip; <\/p>\n<p><a class=\"more-link block-button\" href=\"https:\/\/eskuvoizene.d250.hu\/lakodalom\/hallgasd-meg\/\">Olvass tov\u00e1bb &raquo;<\/a><\/p>\n","protected":false},"author":1,"featured_media":126,"parent":0,"menu_order":0,"comment_status":"closed","ping_status":"open","template":"","meta":[],"_links":{"self":[{"href":"https:\/\/eskuvoizene.d250.hu\/lakodalom\/wp-json\/wp\/v2\/pages\/38"}],"collection":[{"href":"https:\/\/eskuvoizene.d250.hu\/lakodalom\/wp-json\/wp\/v2\/pages"}],"about":[{"href":"https:\/\/eskuvoizene.d250.hu\/lakodalom\/wp-json\/wp\/v2\/types\/page"}],"author":[{"embeddable":true,"href":"https:\/\/eskuvoizene.d250.hu\/lakodalom\/wp-json\/wp\/v2\/users\/1"}],"replies":[{"embeddable":true,"href":"https:\/\/eskuvoizene.d250.hu\/lakodalom\/wp-json\/wp\/v2\/comments?post=38"}],"version-history":[{"count":17,"href":"https:\/\/eskuvoizene.d250.hu\/lakodalom\/wp-json\/wp\/v2\/pages\/38\/revisions"}],"predecessor-version":[{"id":119,"href":"https:\/\/eskuvoizene.d250.hu\/lakodalom\/wp-json\/wp\/v2\/pages\/38\/revisions\/119"}],"wp:featuredmedia":[{"embeddable":true,"href":"https:\/\/eskuvoizene.d250.hu\/lakodalom\/wp-json\/wp\/v2\/media\/126"}],"wp:attachment":[{"href":"https:\/\/eskuvoizene.d250.hu\/lakodalom\/wp-json\/wp\/v2\/media?parent=38"}],"curies":[{"name":"wp","href":"https:\/\/api.w.org\/{rel}","templated":true}]}}