{"id":36,"date":"2014-01-05T22:45:35","date_gmt":"2014-01-05T22:45:35","guid":{"rendered":"http:\/\/eskuvoizene.d250.hu\/lakodalom\/?page_id=36"},"modified":"2015-01-02T12:18:58","modified_gmt":"2015-01-02T12:18:58","slug":"akit-szivesen-ajanlok","status":"publish","type":"page","link":"https:\/\/eskuvoizene.d250.hu\/lakodalom\/akit-szivesen-ajanlok\/","title":{"rendered":"Akit sz\u00edvesen aj\u00e1nlok"},"content":{"rendered":"<h5>Vide\u00f3sok:<\/h5>\n<p>F\u00f6ldv\u00e1ri Istv\u00e1n<br \/>\n06 20 579 94 85<\/p>\n<h5>V\u0151f\u00e9ly, cerem\u00f3niamester:<\/h5>\n<p>Kamenik Szabolcs<br \/>\n06 70 331 14 97<\/p>\n<p>F\u0151di Lajos<br \/>\n06 30 846 13 84<\/p>\n","protected":false},"excerpt":{"rendered":"<p>Vide\u00f3sok: F\u00f6ldv\u00e1ri Istv\u00e1n 06 20 579 94 85 V\u0151f\u00e9ly, cerem\u00f3niamester: Kamenik Szabolcs 06 70 331 14 97 F\u0151di Lajos 06 30 846 13 84<\/p>\n","protected":false},"author":1,"featured_media":126,"parent":0,"menu_order":0,"comment_status":"closed","ping_status":"open","template":"","meta":[],"_links":{"self":[{"href":"https:\/\/eskuvoizene.d250.hu\/lakodalom\/wp-json\/wp\/v2\/pages\/36"}],"collection":[{"href":"https:\/\/eskuvoizene.d250.hu\/lakodalom\/wp-json\/wp\/v2\/pages"}],"about":[{"href":"https:\/\/eskuvoizene.d250.hu\/lakodalom\/wp-json\/wp\/v2\/types\/page"}],"author":[{"embeddable":true,"href":"https:\/\/eskuvoizene.d250.hu\/lakodalom\/wp-json\/wp\/v2\/users\/1"}],"replies":[{"embeddable":true,"href":"https:\/\/eskuvoizene.d250.hu\/lakodalom\/wp-json\/wp\/v2\/comments?post=36"}],"version-history":[{"count":5,"href":"https:\/\/eskuvoizene.d250.hu\/lakodalom\/wp-json\/wp\/v2\/pages\/36\/revisions"}],"predecessor-version":[{"id":78,"href":"https:\/\/eskuvoizene.d250.hu\/lakodalom\/wp-json\/wp\/v2\/pages\/36\/revisions\/78"}],"wp:featuredmedia":[{"embeddable":true,"href":"https:\/\/eskuvoizene.d250.hu\/lakodalom\/wp-json\/wp\/v2\/media\/126"}],"wp:attachment":[{"href":"https:\/\/eskuvoizene.d250.hu\/lakodalom\/wp-json\/wp\/v2\/media?parent=36"}],"curies":[{"name":"wp","href":"https:\/\/api.w.org\/{rel}","templated":true}]}}